{"id":62,"date":"2025-11-01T15:04:18","date_gmt":"2025-11-01T14:04:18","guid":{"rendered":"https:\/\/wpcat1.pl\/gamestore\/?page_id=62"},"modified":"2026-02-18T05:27:05","modified_gmt":"2026-02-18T04:27:05","slug":"home","status":"publish","type":"page","link":"https:\/\/wpcat1.pl\/gamestore\/","title":{"rendered":"Home"},"content":{"rendered":"\n<div class=\"wp-block-blocks-gamestore-block-hero\"><div class=\"hero-content\"><h1 class=\"hero-title\">Holiday Sale! <strong>30% off<\/strong> <br>for All Action Games<\/h1><p class=\"hero-description\">Save. Play. Celebrate. Ends 1\/17<\/p><a href=\"\" class=\"hero-button shadow\">Download &amp; Save Now<\/a><\/div><video class=\"video-bg\" loop autoplay muted playsinline width=\"100%\" height=\"100%\"><source class=\"source-element\" src=\"https:\/\/wpcat1.pl\/gamestore\/wp-content\/uploads\/2025\/11\/stalker2.mp4\" type=\"video\/mp4\"\/><\/video><div class=\"hero-mask\"><\/div><div class=\"hero-slider\"><div class=\"slider-container\"><div class=\"slider-wrapper\"><div class=\"slide-item\"><img decoding=\"async\" src=\"https:\/\/wpcat1.pl\/gamestore\/wp-content\/uploads\/2025\/11\/chanels-7.png\" alt=\"Slide 1 Light Version\" class=\"light-logo\"\/><img decoding=\"async\" src=\"https:\/\/wpcat1.pl\/gamestore\/wp-content\/uploads\/2025\/11\/chanels.png\" alt=\"Slide 1 Dark Version\" class=\"dark-logo\"\/><\/div><div class=\"slide-item\"><img decoding=\"async\" src=\"https:\/\/wpcat1.pl\/gamestore\/wp-content\/uploads\/2025\/11\/chanels-1-1.png\" alt=\"Slide 2 Light Version\" class=\"light-logo\"\/><img decoding=\"async\" src=\"https:\/\/wpcat1.pl\/gamestore\/wp-content\/uploads\/2025\/11\/chanels-1.png\" alt=\"Slide 2 Dark Version\" class=\"dark-logo\"\/><\/div><div class=\"slide-item\"><img decoding=\"async\" src=\"https:\/\/wpcat1.pl\/gamestore\/wp-content\/uploads\/2025\/11\/chanels-2-1.png\" alt=\"Slide 3 Light Version\" class=\"light-logo\"\/><img decoding=\"async\" src=\"https:\/\/wpcat1.pl\/gamestore\/wp-content\/uploads\/2025\/11\/chanels-2.png\" alt=\"Slide 3 Dark Version\" class=\"dark-logo\"\/><\/div><div class=\"slide-item\"><img decoding=\"async\" src=\"https:\/\/wpcat1.pl\/gamestore\/wp-content\/uploads\/2025\/11\/chanels-3-1.png\" alt=\"Slide 4 Light Version\" class=\"light-logo\"\/><img decoding=\"async\" src=\"https:\/\/wpcat1.pl\/gamestore\/wp-content\/uploads\/2025\/11\/chanels-3.png\" alt=\"Slide 4 Dark Version\" class=\"dark-logo\"\/><\/div><div class=\"slide-item\"><img decoding=\"async\" src=\"https:\/\/wpcat1.pl\/gamestore\/wp-content\/uploads\/2025\/11\/chanels-4-1.png\" alt=\"Slide 5 Light Version\" class=\"light-logo\"\/><img decoding=\"async\" src=\"https:\/\/wpcat1.pl\/gamestore\/wp-content\/uploads\/2025\/11\/chanels-4.png\" alt=\"Slide 5 Dark Version\" class=\"dark-logo\"\/><\/div><div class=\"slide-item\"><img decoding=\"async\" src=\"https:\/\/wpcat1.pl\/gamestore\/wp-content\/uploads\/2025\/11\/chanels-5-1.png\" alt=\"Slide 6 Light Version\" class=\"light-logo\"\/><img decoding=\"async\" src=\"https:\/\/wpcat1.pl\/gamestore\/wp-content\/uploads\/2025\/11\/chanels-5.png\" alt=\"Slide 6 Dark Version\" class=\"dark-logo\"\/><\/div><div class=\"slide-item\"><img decoding=\"async\" src=\"https:\/\/wpcat1.pl\/gamestore\/wp-content\/uploads\/2025\/11\/chanels-6-1.png\" alt=\"Slide 7 Light Version\" class=\"light-logo\"\/><img decoding=\"async\" src=\"https:\/\/wpcat1.pl\/gamestore\/wp-content\/uploads\/2025\/11\/chanels-6.png\" alt=\"Slide 7 Dark Version\" class=\"dark-logo\"\/><\/div><div class=\"slide-item\"><img decoding=\"async\" src=\"https:\/\/wpcat1.pl\/gamestore\/wp-content\/uploads\/2025\/11\/chanels-7.png\" alt=\"Slide 8 Light Version\" class=\"light-logo\"\/><img decoding=\"async\" src=\"https:\/\/wpcat1.pl\/gamestore\/wp-content\/uploads\/2025\/11\/chanels.png\" alt=\"Slide 8 Dark Version\" class=\"dark-logo\"\/><\/div><div class=\"slide-item\"><img decoding=\"async\" src=\"https:\/\/wpcat1.pl\/gamestore\/wp-content\/uploads\/2025\/11\/chanels-1-1.png\" alt=\"Slide 9 Light Version\" class=\"light-logo\"\/><img decoding=\"async\" src=\"https:\/\/wpcat1.pl\/gamestore\/wp-content\/uploads\/2025\/11\/chanels-1.png\" alt=\"Slide 9 Dark Version\" class=\"dark-logo\"\/><\/div><div class=\"slide-item\"><img decoding=\"async\" src=\"https:\/\/wpcat1.pl\/gamestore\/wp-content\/uploads\/2025\/11\/chanels-2-1.png\" alt=\"Slide 10 Light Version\" class=\"light-logo\"\/><img decoding=\"async\" src=\"https:\/\/wpcat1.pl\/gamestore\/wp-content\/uploads\/2025\/11\/chanels-2.png\" alt=\"Slide 10 Dark Version\" class=\"dark-logo\"\/><\/div><div class=\"slide-item\"><img decoding=\"async\" src=\"https:\/\/wpcat1.pl\/gamestore\/wp-content\/uploads\/2025\/11\/chanels-3-1.png\" alt=\"Slide 11 Light Version\" class=\"light-logo\"\/><img decoding=\"async\" src=\"https:\/\/wpcat1.pl\/gamestore\/wp-content\/uploads\/2025\/11\/chanels-3.png\" alt=\"Slide 11 Dark Version\" class=\"dark-logo\"\/><\/div><\/div><\/div><\/div><\/div>\n\n\n<div class=\"wp-block-blocks-gamestore-games-line\"><div class=\"games-line-container\"><div class=\"games-wrapper\"><div class=\"game-item\"><a href=\"https:\/\/wpcat1.pl\/gamestore\/produkt\/rainbow-six-extraction\/\"><img loading=\"lazy\" decoding=\"async\" width=\"243\" height=\"294\" src=\"https:\/\/wpcat1.pl\/gamestore\/wp-content\/uploads\/2026\/01\/extraction.png\" class=\"attachment-full size-full\" alt=\"Rainbow Six: Extraction\" \/><\/a><\/div><div class=\"game-item\"><a href=\"https:\/\/wpcat1.pl\/gamestore\/produkt\/ghost-recon-wild-lands\/\"><img loading=\"lazy\" decoding=\"async\" width=\"243\" height=\"294\" src=\"https:\/\/wpcat1.pl\/gamestore\/wp-content\/uploads\/2026\/01\/wildlands.png\" class=\"attachment-full size-full\" alt=\"Ghost Recon: Wild Lands\" \/><\/a><\/div><div class=\"game-item\"><a href=\"https:\/\/wpcat1.pl\/gamestore\/produkt\/assassins-creed-origins\/\"><img loading=\"lazy\" decoding=\"async\" width=\"243\" height=\"294\" src=\"https:\/\/wpcat1.pl\/gamestore\/wp-content\/uploads\/2026\/01\/origins.png\" class=\"attachment-full size-full\" alt=\"Assassin&#039;s Creed: Origins\" \/><\/a><\/div><div class=\"game-item\"><a href=\"https:\/\/wpcat1.pl\/gamestore\/produkt\/riders-republic\/\"><img loading=\"lazy\" decoding=\"async\" width=\"243\" height=\"294\" src=\"https:\/\/wpcat1.pl\/gamestore\/wp-content\/uploads\/2026\/01\/riders.png\" class=\"attachment-full size-full\" alt=\"Riders Republic\" \/><\/a><\/div><div class=\"game-item\"><a href=\"https:\/\/wpcat1.pl\/gamestore\/produkt\/skull-bones\/\"><img loading=\"lazy\" decoding=\"async\" width=\"243\" height=\"294\" src=\"https:\/\/wpcat1.pl\/gamestore\/wp-content\/uploads\/2026\/01\/skull.png\" class=\"attachment-full size-full\" alt=\"Skull &amp; Bones\" \/><\/a><\/div><div class=\"game-item\"><a href=\"https:\/\/wpcat1.pl\/gamestore\/produkt\/avatar-frontiers-and-pandora\/\"><img loading=\"lazy\" decoding=\"async\" width=\"243\" height=\"340\" src=\"https:\/\/wpcat1.pl\/gamestore\/wp-content\/uploads\/2026\/01\/avatar.png\" class=\"attachment-full size-full\" alt=\"AVATAR: Frontiers and Pandora\" srcset=\"https:\/\/wpcat1.pl\/gamestore\/wp-content\/uploads\/2026\/01\/avatar.png 243w, https:\/\/wpcat1.pl\/gamestore\/wp-content\/uploads\/2026\/01\/avatar-214x300.png 214w\" sizes=\"auto, (max-width: 243px) 100vw, 243px\" \/><\/a><\/div><div class=\"game-item\"><a href=\"https:\/\/wpcat1.pl\/gamestore\/produkt\/far-cry-6\/\"><img loading=\"lazy\" decoding=\"async\" width=\"243\" height=\"340\" src=\"https:\/\/wpcat1.pl\/gamestore\/wp-content\/uploads\/2026\/01\/farcry6.png\" class=\"attachment-full size-full\" alt=\"Far Cry 6\" srcset=\"https:\/\/wpcat1.pl\/gamestore\/wp-content\/uploads\/2026\/01\/farcry6.png 243w, https:\/\/wpcat1.pl\/gamestore\/wp-content\/uploads\/2026\/01\/farcry6-214x300.png 214w\" sizes=\"auto, (max-width: 243px) 100vw, 243px\" \/><\/a><\/div><\/div><\/div><\/div>\n\n<div class=\"wp-block-blocks-gamestore-recent-news\"style=\"background-image: url(https:\/\/wpcat1.pl\/gamestore\/wp-content\/uploads\/2025\/11\/Latest-News-1.png)\"><h2>Latest News<\/h2><p>There are many variations of passages of Lorem Ipsum available, but the majority have suffered alteration in some form, by injected humour, or randomised words which don&#8217;t look even slightly believable.<\/p><div class =\"recent-news\"><div class =\"news-item\"><h3>Riders Republic Year 4 Season 13 Out Now<\/h3><div class = \"news-thumbnail\"><img src = \"https:\/\/wpcat1.pl\/gamestore\/wp-content\/uploads\/2026\/01\/fort.png\" class=\"blur-image\" alt=\"Riders Republic Year 4 Season 13 Out Now\"><img src = \"https:\/\/wpcat1.pl\/gamestore\/wp-content\/uploads\/2026\/01\/fort.png\" class=\"original-image\" alt=\"Riders Republic Year 4 Season 13 Out Now\"><\/div><div class=\"news-excerpt\"><p>A year after it debuted on PS4 and PS5, Ubisoft Bordeaux is excited to release a patch to enhance Assassin&#8217;s Creed Mirage on the PlayStation 5 Pro. If you managed to snag Sony&#8217;s latest console, here&#8217;s what to expect: In Assassin&#8217;s Creed Mirage, you are Basim, a cunning street thief with nightmarish visions, seeking answers [&hellip;]<\/p>\n<\/div><a href=\"https:\/\/wpcat1.pl\/gamestore\/news\/riders-republic-year-4-season-13-out-now-2\/\" class=\"read-more\">Open the post<\/a><\/div><div class =\"news-item\"><h3>Rainbow Six Siege Freeze For All&#8230;<\/h3><div class = \"news-thumbnail\"><img src = \"https:\/\/wpcat1.pl\/gamestore\/wp-content\/uploads\/2026\/01\/gta.png\" class=\"blur-image\" alt=\"Rainbow Six Siege Freeze For All&#8230;\"><img src = \"https:\/\/wpcat1.pl\/gamestore\/wp-content\/uploads\/2026\/01\/gta.png\" class=\"original-image\" alt=\"Rainbow Six Siege Freeze For All&#8230;\"><\/div><div class=\"news-excerpt\"><p>A year after it debuted on PS4 and PS5, Ubisoft Bordeaux is excited to release a patch to enhance Assassin&#8217;s Creed Mirage on the PlayStation 5 Pro. If you managed to snag Sony&#8217;s latest console, here&#8217;s what to expect: In Assassin&#8217;s Creed Mirage, you are Basim, a cunning street thief with nightmarish visions, seeking answers [&hellip;]<\/p>\n<\/div><a href=\"https:\/\/wpcat1.pl\/gamestore\/news\/rainbow-six-siege-freeze-for-all-2\/\" class=\"read-more\">Open the post<\/a><\/div><div class =\"news-item\"><h3>Get Your First Month of Ubisoft+ Classics for $1<\/h3><div class = \"news-thumbnail\"><img src = \"https:\/\/wpcat1.pl\/gamestore\/wp-content\/uploads\/2026\/01\/creed-1.png\" class=\"blur-image\" alt=\"Get Your First Month of Ubisoft+ Classics for $1\"><img src = \"https:\/\/wpcat1.pl\/gamestore\/wp-content\/uploads\/2026\/01\/creed-1.png\" class=\"original-image\" alt=\"Get Your First Month of Ubisoft+ Classics for $1\"><\/div><div class=\"news-excerpt\"><p>A year after it debuted on PS4 and PS5, Ubisoft Bordeaux is excited to release a patch to enhance Assassin&#8217;s Creed Mirage on the PlayStation 5 Pro. If you managed to snag Sony&#8217;s latest console, here&#8217;s what to expect: In Assassin&#8217;s Creed Mirage, you are Basim, a cunning street thief with nightmarish visions, seeking answers [&hellip;]<\/p>\n<\/div><a href=\"https:\/\/wpcat1.pl\/gamestore\/news\/get-your-first-month-of-ubisoft-classics-for-1-2\/\" class=\"read-more\">Open the post<\/a><\/div><\/div><\/div>\n\n<div class=\"alignFull wp-block-blocks-gamestore-subscribe\"style=\"background-image: url(https:\/\/wpcat1.pl\/gamestore\/wp-content\/uploads\/2025\/11\/sub-bg.png)\"><div class=\"subscribe-inner wrapper\"><h2 class=\"subscribe-title\"><strong>Subscribe<\/strong> to the Games Store Email List<\/h2><p class=\"subscribe-description\">Sign up for our email newsletter to get info on game announcements and updates, details on special events and offers, and more from Games Store and our affiliates.<\/p><div class=\"subscribe-shortcode\"><script>(function() {\n\twindow.mc4wp = window.mc4wp || {\n\t\tlisteners: [],\n\t\tforms: {\n\t\t\ton: function(evt, cb) {\n\t\t\t\twindow.mc4wp.listeners.push(\n\t\t\t\t\t{\n\t\t\t\t\t\tevent   : evt,\n\t\t\t\t\t\tcallback: cb\n\t\t\t\t\t}\n\t\t\t\t);\n\t\t\t}\n\t\t}\n\t}\n})();\n<\/script><!-- Mailchimp for WordPress v4.12.2 - https:\/\/wordpress.org\/plugins\/mailchimp-for-wp\/ --><form id=\"mc4wp-form-1\" class=\"mc4wp-form mc4wp-form-232\" method=\"post\" data-id=\"232\" data-name=\"Subscribe\" ><div class=\"mc4wp-form-fields\"><input type=\"text\" id=\"name\" name=\"NAME\" placeholder=\"Your Name\" required>\r\n<input type=\"email\" id=\"email\" name=\"EMAIL\" placeholder=\"Your email adress\" required>\r\n<input type=\"submit\" value=\"Subscribe\">\r\n<\/div><label style=\"display: none !important;\">Pozostaw to pole puste, je\u015bli jeste\u015b cz\u0142owiekiem: <input type=\"text\" name=\"_mc4wp_honeypot\" value=\"\" tabindex=\"-1\" autocomplete=\"off\" \/><\/label><input type=\"hidden\" name=\"_mc4wp_timestamp\" value=\"1778263294\" \/><input type=\"hidden\" name=\"_mc4wp_form_id\" value=\"232\" \/><input type=\"hidden\" name=\"_mc4wp_form_element_id\" value=\"mc4wp-form-1\" \/><div class=\"mc4wp-response\"><\/div><\/form><!-- \/ Mailchimp for WordPress Plugin --><\/div><\/div><\/div>\n\n<div class=\"wrapper wp-block-blocks-gamestore-featured-products\"><h2>Featured Games<\/h2><p>There are many variations of passages of Lorem Ipsum available, but the majority have suffered alteration in some form, by injected humour, or randomised words which don&#8217;t look even slightly believable.<\/p><div class =\"games-list\"><div class =\"game-result\"><a href=\"https:\/\/wpcat1.pl\/gamestore\/produkt\/ghost-recon-wild-lands\/\"><img loading=\"lazy\" decoding=\"async\" width=\"243\" height=\"294\" src=\"https:\/\/wpcat1.pl\/gamestore\/wp-content\/uploads\/2026\/01\/wildlands.png\" class=\"attachment-woocommerce_thumbnail size-woocommerce_thumbnail\" alt=\"Ghost Recon: Wild Lands\" \/><div class =\"game-meta\"><div class=\"game-price\"><del aria-hidden=\"true\"><span class=\"woocommerce-Price-amount amount\"><bdi><span class=\"woocommerce-Price-currencySymbol\">&#36;<\/span>110,00<\/bdi><\/span><\/del> <span class=\"screen-reader-text\">Pierwotna cena wynosi\u0142a: &#036;110,00.<\/span><ins aria-hidden=\"true\"><span class=\"woocommerce-Price-amount amount\"><bdi><span class=\"woocommerce-Price-currencySymbol\">&#36;<\/span>55,00<\/bdi><\/span><\/ins><span class=\"screen-reader-text\">Aktualna cena wynosi: &#036;55,00.<\/span><\/div><h3>Ghost Recon: Wild Lands<\/h3><div class =\"game-platforms\"><div class =\"platform_pc\"><image src=\"https:\/\/wpcat1.pl\/gamestore\/wp-content\/plugins\/blocks-gamestore\/assets\/pc.png\" alt=\"PC Icon\"\/><\/div><div class =\"platform_xbox\"><image src=\"https:\/\/wpcat1.pl\/gamestore\/wp-content\/plugins\/blocks-gamestore\/assets\/xbox.png\" alt=\"Xbox Icon\"\/><\/div><div class =\"platform_playstation\"><image src=\"https:\/\/wpcat1.pl\/gamestore\/wp-content\/plugins\/blocks-gamestore\/assets\/playstation.png\" alt=\"Playstation Icon\"\/><\/div><\/div><\/div><\/a><\/div><div class =\"game-result\"><a href=\"https:\/\/wpcat1.pl\/gamestore\/produkt\/assassins-creed-origins\/\"><img loading=\"lazy\" decoding=\"async\" width=\"243\" height=\"294\" src=\"https:\/\/wpcat1.pl\/gamestore\/wp-content\/uploads\/2026\/01\/origins.png\" class=\"attachment-woocommerce_thumbnail size-woocommerce_thumbnail\" alt=\"Assassin&#039;s Creed: Origins\" \/><div class =\"game-meta\"><div class=\"game-price\"><del aria-hidden=\"true\"><span class=\"woocommerce-Price-amount amount\"><bdi><span class=\"woocommerce-Price-currencySymbol\">&#36;<\/span>60,00<\/bdi><\/span><\/del> <span class=\"screen-reader-text\">Pierwotna cena wynosi\u0142a: &#036;60,00.<\/span><ins aria-hidden=\"true\"><span class=\"woocommerce-Price-amount amount\"><bdi><span class=\"woocommerce-Price-currencySymbol\">&#36;<\/span>25,00<\/bdi><\/span><\/ins><span class=\"screen-reader-text\">Aktualna cena wynosi: &#036;25,00.<\/span><\/div><h3>Assassin&#8217;s Creed: Origins<\/h3><div class =\"game-platforms\"><div class =\"platform_pc\"><image src=\"https:\/\/wpcat1.pl\/gamestore\/wp-content\/plugins\/blocks-gamestore\/assets\/pc.png\" alt=\"PC Icon\"\/><\/div><div class =\"platform_xbox\"><image src=\"https:\/\/wpcat1.pl\/gamestore\/wp-content\/plugins\/blocks-gamestore\/assets\/xbox.png\" alt=\"Xbox Icon\"\/><\/div><div class =\"platform_playstation\"><image src=\"https:\/\/wpcat1.pl\/gamestore\/wp-content\/plugins\/blocks-gamestore\/assets\/playstation.png\" alt=\"Playstation Icon\"\/><\/div><\/div><\/div><\/a><\/div><div class =\"game-result\"><a href=\"https:\/\/wpcat1.pl\/gamestore\/produkt\/riders-republic\/\"><img loading=\"lazy\" decoding=\"async\" width=\"243\" height=\"294\" src=\"https:\/\/wpcat1.pl\/gamestore\/wp-content\/uploads\/2026\/01\/riders.png\" class=\"attachment-woocommerce_thumbnail size-woocommerce_thumbnail\" alt=\"Riders Republic\" \/><div class =\"game-meta\"><div class=\"game-price\"><span class=\"woocommerce-Price-amount amount\"><bdi><span class=\"woocommerce-Price-currencySymbol\">&#36;<\/span>80,00<\/bdi><\/span><\/div><h3>Riders Republic<\/h3><div class =\"game-platforms\"><div class =\"platform_pc\"><image src=\"https:\/\/wpcat1.pl\/gamestore\/wp-content\/plugins\/blocks-gamestore\/assets\/pc.png\" alt=\"PC Icon\"\/><\/div><div class =\"platform_xbox\"><image src=\"https:\/\/wpcat1.pl\/gamestore\/wp-content\/plugins\/blocks-gamestore\/assets\/xbox.png\" alt=\"Xbox Icon\"\/><\/div><div class =\"platform_playstation\"><image src=\"https:\/\/wpcat1.pl\/gamestore\/wp-content\/plugins\/blocks-gamestore\/assets\/playstation.png\" alt=\"Playstation Icon\"\/><\/div><\/div><\/div><\/a><\/div><div class =\"game-result\"><a href=\"https:\/\/wpcat1.pl\/gamestore\/produkt\/skull-bones\/\"><img loading=\"lazy\" decoding=\"async\" width=\"243\" height=\"294\" src=\"https:\/\/wpcat1.pl\/gamestore\/wp-content\/uploads\/2026\/01\/skull.png\" class=\"attachment-woocommerce_thumbnail size-woocommerce_thumbnail\" alt=\"Skull &amp; Bones\" \/><div class =\"game-meta\"><div class=\"game-price\"><span class=\"woocommerce-Price-amount amount\"><bdi><span class=\"woocommerce-Price-currencySymbol\">&#36;<\/span>30,00<\/bdi><\/span><\/div><h3>Skull &amp; Bones<\/h3><div class =\"game-platforms\"><div class =\"platform_pc\"><image src=\"https:\/\/wpcat1.pl\/gamestore\/wp-content\/plugins\/blocks-gamestore\/assets\/pc.png\" alt=\"PC Icon\"\/><\/div><div class =\"platform_xbox\"><image src=\"https:\/\/wpcat1.pl\/gamestore\/wp-content\/plugins\/blocks-gamestore\/assets\/xbox.png\" alt=\"Xbox Icon\"\/><\/div><div class =\"platform_playstation\"><image src=\"https:\/\/wpcat1.pl\/gamestore\/wp-content\/plugins\/blocks-gamestore\/assets\/playstation.png\" alt=\"Playstation Icon\"\/><\/div><\/div><\/div><\/a><\/div><div class =\"game-result\"><a href=\"https:\/\/wpcat1.pl\/gamestore\/produkt\/avatar-frontiers-and-pandora\/\"><img loading=\"lazy\" decoding=\"async\" width=\"243\" height=\"300\" src=\"https:\/\/wpcat1.pl\/gamestore\/wp-content\/uploads\/2026\/01\/avatar-243x300.png\" class=\"attachment-woocommerce_thumbnail size-woocommerce_thumbnail\" alt=\"AVATAR: Frontiers and Pandora\" \/><div class =\"game-meta\"><div class=\"game-price\"><span class=\"woocommerce-Price-amount amount\"><bdi><span class=\"woocommerce-Price-currencySymbol\">&#36;<\/span>70,00<\/bdi><\/span><\/div><h3>AVATAR: Frontiers and Pandora<\/h3><div class =\"game-platforms\"><div class =\"platform_pc\"><image src=\"https:\/\/wpcat1.pl\/gamestore\/wp-content\/plugins\/blocks-gamestore\/assets\/pc.png\" alt=\"PC Icon\"\/><\/div><div class =\"platform_xbox\"><image src=\"https:\/\/wpcat1.pl\/gamestore\/wp-content\/plugins\/blocks-gamestore\/assets\/xbox.png\" alt=\"Xbox Icon\"\/><\/div><div class =\"platform_playstation\"><image src=\"https:\/\/wpcat1.pl\/gamestore\/wp-content\/plugins\/blocks-gamestore\/assets\/playstation.png\" alt=\"Playstation Icon\"\/><\/div><\/div><\/div><\/a><\/div><div class =\"game-result\"><a href=\"https:\/\/wpcat1.pl\/gamestore\/produkt\/far-cry-6\/\"><img loading=\"lazy\" decoding=\"async\" width=\"243\" height=\"300\" src=\"https:\/\/wpcat1.pl\/gamestore\/wp-content\/uploads\/2026\/01\/farcry6-243x300.png\" class=\"attachment-woocommerce_thumbnail size-woocommerce_thumbnail\" alt=\"Far Cry 6\" \/><div class =\"game-meta\"><div class=\"game-price\"><del aria-hidden=\"true\"><span class=\"woocommerce-Price-amount amount\"><bdi><span class=\"woocommerce-Price-currencySymbol\">&#36;<\/span>60,00<\/bdi><\/span><\/del> <span class=\"screen-reader-text\">Pierwotna cena wynosi\u0142a: &#036;60,00.<\/span><ins aria-hidden=\"true\"><span class=\"woocommerce-Price-amount amount\"><bdi><span class=\"woocommerce-Price-currencySymbol\">&#36;<\/span>40,00<\/bdi><\/span><\/ins><span class=\"screen-reader-text\">Aktualna cena wynosi: &#036;40,00.<\/span><\/div><h3>Far Cry 6<\/h3><div class =\"game-platforms\"><div class =\"platform_pc\"><image src=\"https:\/\/wpcat1.pl\/gamestore\/wp-content\/plugins\/blocks-gamestore\/assets\/pc.png\" alt=\"PC Icon\"\/><\/div><div class =\"platform_xbox\"><image src=\"https:\/\/wpcat1.pl\/gamestore\/wp-content\/plugins\/blocks-gamestore\/assets\/xbox.png\" alt=\"Xbox Icon\"\/><\/div><div class =\"platform_playstation\"><image src=\"https:\/\/wpcat1.pl\/gamestore\/wp-content\/plugins\/blocks-gamestore\/assets\/playstation.png\" alt=\"Playstation Icon\"\/><\/div><\/div><\/div><\/a><\/div><\/div><\/div>\n\n\n<div class=\"wp-block-blocks-gamestore-block-cta alignFull\" style=\"background-image:url(https:\/\/wpcat1.pl\/gamestore\/wp-content\/uploads\/2025\/12\/supportBackground-4.png)\"><div class=\"wrapper cta-inner\"><div class=\"left-part\"><h2 class=\"cta-title\">Embark On High-Stakes Missions<\/h2><p class=\"cta-description\">Take on high-risk, high-reward missions from the galaxy\u2019s crime syndicates. Steal valuable goods, infiltrate secret locations, and outwit enemies as one of the galaxy\u2019s most wanted. Every choice you make influences your ever-changing reputation.<\/p><div class=\"links-list\"><p><a href=\"https:\/\/wpcat1.pl\/gamestore\/sklep\/\" target=\"_blank\" rel=\"noopener noreferrer\">GAME STORE<\/a><\/p><p><a href=\"https:\/\/wpcat1.pl\/gamestore\/services\/\" target=\"_blank\" rel=\"noopener noreferrer\">SERVICES<\/a><\/p><p><a href=\"https:\/\/wpcat1.pl\/gamestore\/support\/\" target=\"_blank\" rel=\"noopener noreferrer\">DOWNLOADS<\/a><\/p><\/div><\/div><div class=\"right-part\"><img decoding=\"async\" class=\"image-cta\" src=\"https:\/\/wpcat1.pl\/gamestore\/wp-content\/uploads\/2026\/02\/kratos2-1-e1771388775999.png\" alt=\"CTA\"\/><\/div><\/div><\/div>\n\n\n\n<p><\/p>\n","protected":false},"excerpt":{"rendered":"","protected":false},"author":1,"featured_media":0,"parent":0,"menu_order":0,"comment_status":"closed","ping_status":"closed","template":"no-title","meta":{"footnotes":""},"class_list":["post-62","page","type-page","status-publish","hentry"],"_hostinger_reach_plugin_has_subscription_block":false,"_hostinger_reach_plugin_is_elementor":false,"_links":{"self":[{"href":"https:\/\/wpcat1.pl\/gamestore\/wp-json\/wp\/v2\/pages\/62","targetHints":{"allow":["GET"]}}],"collection":[{"href":"https:\/\/wpcat1.pl\/gamestore\/wp-json\/wp\/v2\/pages"}],"about":[{"href":"https:\/\/wpcat1.pl\/gamestore\/wp-json\/wp\/v2\/types\/page"}],"author":[{"embeddable":true,"href":"https:\/\/wpcat1.pl\/gamestore\/wp-json\/wp\/v2\/users\/1"}],"replies":[{"embeddable":true,"href":"https:\/\/wpcat1.pl\/gamestore\/wp-json\/wp\/v2\/comments?post=62"}],"version-history":[{"count":118,"href":"https:\/\/wpcat1.pl\/gamestore\/wp-json\/wp\/v2\/pages\/62\/revisions"}],"predecessor-version":[{"id":782,"href":"https:\/\/wpcat1.pl\/gamestore\/wp-json\/wp\/v2\/pages\/62\/revisions\/782"}],"wp:attachment":[{"href":"https:\/\/wpcat1.pl\/gamestore\/wp-json\/wp\/v2\/media?parent=62"}],"curies":[{"name":"wp","href":"https:\/\/api.w.org\/{rel}","templated":true}]}}